{"id":550,"date":"2016-11-04T13:38:04","date_gmt":"2016-11-04T11:38:04","guid":{"rendered":"http:\/\/digismed.com\/kaakeli\/fi\/sortiment\/jarntradsarbeten\/"},"modified":"2025-01-16T17:09:59","modified_gmt":"2025-01-16T15:09:59","slug":"jarntradsarbeten","status":"publish","type":"page","link":"https:\/\/kakelverkstaden.fi\/fi\/sortiment\/jarntradsarbeten\/","title":{"rendered":"Rautalankaty\u00f6t"},"content":{"rendered":"<p>[et_pb_section fb_built=&#8221;1&#8243; custom_padding_last_edited=&#8221;on|desktop&#8221; disabled_on=&#8221;off|off|&#8221; admin_label=&#8221;section&#8221; _builder_version=&#8221;3.22&#8243; custom_padding_tablet=&#8221;50px|0|50px|0&#8243; custom_padding_phone=&#8221;&#8221; transparent_background=&#8221;off&#8221; padding_mobile=&#8221;off&#8221; make_fullwidth=&#8221;off&#8221; use_custom_width=&#8221;off&#8221; width_unit=&#8221;on&#8221;][et_pb_row admin_label=&#8221;Rad&#8221; _builder_version=&#8221;3.25&#8243; background_size=&#8221;initial&#8221; background_position=&#8221;top_left&#8221; background_repeat=&#8221;repeat&#8221;][et_pb_column type=&#8221;4_4&#8243; _builder_version=&#8221;3.25&#8243; custom_padding=&#8221;|||&#8221; custom_padding__hover=&#8221;|||&#8221;][et_pb_text admin_label=&#8221;Text&#8221; _builder_version=&#8221;3.27.4&#8243; background_size=&#8221;initial&#8221; background_position=&#8221;top_left&#8221; background_repeat=&#8221;repeat&#8221; use_border_color=&#8221;off&#8221; border_color=&#8221;#ffffff&#8221; border_style=&#8221;solid&#8221;]<\/p>\n<h1>Rautalankaty\u00f6t<\/h1>\n<p>[\/et_pb_text][\/et_pb_column][\/et_pb_row][et_pb_row column_structure=&#8221;1_4,1_4,1_4,1_4&#8243; padding_mobile=&#8221;off&#8221; column_padding_mobile=&#8221;on&#8221; admin_label=&#8221;row&#8221; _builder_version=&#8221;3.25&#8243; background_size=&#8221;initial&#8221; background_position=&#8221;top_left&#8221; background_repeat=&#8221;repeat&#8221; make_fullwidth=&#8221;off&#8221; use_custom_width=&#8221;off&#8221; width_unit=&#8221;on&#8221;][et_pb_column type=&#8221;1_4&#8243; _builder_version=&#8221;3.25&#8243; custom_padding=&#8221;|||&#8221; custom_padding__hover=&#8221;|||&#8221;][et_pb_sidebar area=&#8221;sidebar-1&#8243; show_border=&#8221;off&#8221; admin_label=&#8221;Sidof\u00e4lt&#8221; _builder_version=&#8221;3.0.74&#8243; remove_border=&#8221;on&#8221;][\/et_pb_sidebar][\/et_pb_column][et_pb_column type=&#8221;1_4&#8243; _builder_version=&#8221;3.25&#8243; custom_padding=&#8221;|||&#8221; custom_padding__hover=&#8221;|||&#8221;][et_pb_blurb title=&#8221;Sein\u00e4koukku&#8221; image=&#8221;https:\/\/kakelverkstaden.fi\/wp-content\/uploads\/2016\/11\/V\u00e4ggkrok.jpg&#8221; image_max_width=&#8221;none&#8221; admin_label=&#8221;Sein\u00e4koukku&#8221; _builder_version=&#8221;4.4.4&#8243; background_size=&#8221;initial&#8221; background_position=&#8221;top_left&#8221; background_repeat=&#8221;repeat&#8221; animation=&#8221;off&#8221; use_border_color=&#8221;off&#8221; border_color=&#8221;#ffffff&#8221; border_style=&#8221;solid&#8221;]<\/p>\n<p>Musta rautalanka<br \/>k: 4,5cm<\/p>\n<p><strong>Hinta: 8\u20ac<\/strong><\/p>\n<p>[\/et_pb_blurb][et_pb_blurb title=&#8221;Lautasliinarengas Perhonen&#8221; image=&#8221;https:\/\/kakelverkstaden.fi\/wp-content\/uploads\/2016\/11\/Servettring-Fj\u00e4ril.jpg&#8221; image_max_width=&#8221;none&#8221; admin_label=&#8221;Lautasliinarengas Perhonen&#8221; _builder_version=&#8221;4.4.4&#8243; background_size=&#8221;initial&#8221; background_position=&#8221;top_left&#8221; background_repeat=&#8221;repeat&#8221; animation=&#8221;off&#8221; use_border_color=&#8221;off&#8221; border_color=&#8221;#ffffff&#8221; border_style=&#8221;solid&#8221;]<\/p>\n<p>Sinkitty + v\u00e4rj\u00e4tty rautalanka<br \/>Renkaan \u00f8: 4,5cm<\/p>\n<p><strong>Hinta: 9\u20ac<\/strong><\/p>\n<p>[\/et_pb_blurb][et_pb_blurb title=&#8221;Munalusikka&#8221; image=&#8221;https:\/\/kakelverkstaden.fi\/wp-content\/uploads\/2016\/11\/\u00c4ggsked.jpg&#8221; image_max_width=&#8221;none&#8221; admin_label=&#8221;\u00c4ggsked&#8221; _builder_version=&#8221;4.4.4&#8243; background_size=&#8221;initial&#8221; background_position=&#8221;top_left&#8221; background_repeat=&#8221;repeat&#8221; animation=&#8221;off&#8221; hover_enabled=&#8221;0&#8243; use_border_color=&#8221;off&#8221; border_color=&#8221;#ffffff&#8221; border_style=&#8221;solid&#8221;]<\/p>\n<p>Ruostumaton<br \/>p: 27cm<\/p>\n<p><strong>Hinta: 19\u20ac<\/strong><\/p>\n<p>[\/et_pb_blurb][et_pb_blurb title=&#8221;Menupidike Kukko&#8221; image=&#8221;https:\/\/kakelverkstaden.fi\/wp-content\/uploads\/2016\/11\/Tupp-1.jpg&#8221; image_max_width=&#8221;none&#8221; admin_label=&#8221;Menyh\u00e5llare Tupp&#8221; _builder_version=&#8221;4.4.4&#8243; background_size=&#8221;initial&#8221; background_position=&#8221;top_left&#8221; background_repeat=&#8221;repeat&#8221; animation=&#8221;off&#8221; use_border_color=&#8221;off&#8221; border_color=&#8221;#ffffff&#8221; border_style=&#8221;solid&#8221;]<\/p>\n<p>Sinkitty rautalanka<br \/>p: noin 27cm<\/p>\n<p><strong>Hinta: 12\u20ac<\/strong><\/p>\n<p>[\/et_pb_blurb][et_pb_blurb title=&#8221;Lautasliinarengas Kala&#8221; image=&#8221;https:\/\/kakelverkstaden.fi\/wp-content\/uploads\/2016\/11\/Servettring-Fisk-fiilis.jpg&#8221; image_max_width=&#8221;none&#8221; admin_label=&#8221;Servettring Fisk&#8221; _builder_version=&#8221;4.4.4&#8243; background_size=&#8221;initial&#8221; background_position=&#8221;top_left&#8221; background_repeat=&#8221;repeat&#8221; animation=&#8221;off&#8221; use_border_color=&#8221;off&#8221; border_color=&#8221;#ffffff&#8221; border_style=&#8221;solid&#8221;]<\/p>\n<p>Sinkitty rautalanka<br \/>Renkaan\u00a0\u00f8: 4cm<\/p>\n<p><strong>Hinta: 5\u20ac<\/strong><\/p>\n<p>[\/et_pb_blurb][et_pb_blurb title=&#8221;Pallolyhty&#8221; image=&#8221;https:\/\/kakelverkstaden.fi\/wp-content\/uploads\/2016\/11\/Bollykta-1.jpg&#8221; image_max_width=&#8221;none&#8221; admin_label=&#8221;Bollykta&#8221; _builder_version=&#8221;4.4.4&#8243; background_size=&#8221;initial&#8221; background_position=&#8221;top_left&#8221; background_repeat=&#8221;repeat&#8221; animation=&#8221;off&#8221; use_border_color=&#8221;off&#8221; border_color=&#8221;#ffffff&#8221; border_style=&#8221;solid&#8221;]<\/p>\n<p>Ruostumaton<br \/>2 kpl ripustuskoukkua<br \/>\u00f8: 12cm<\/p>\n<p><strong>Hinta: 23\u20ac<\/strong><\/p>\n<p>[\/et_pb_blurb][\/et_pb_column][et_pb_column type=&#8221;1_4&#8243; _builder_version=&#8221;3.25&#8243; custom_padding=&#8221;|||&#8221; custom_padding__hover=&#8221;|||&#8221;][et_pb_blurb title=&#8221;Perunatikku&#8221; image=&#8221;https:\/\/kakelverkstaden.fi\/wp-content\/uploads\/2016\/11\/Potatissticka.jpg&#8221; image_max_width=&#8221;none&#8221; admin_label=&#8221;Potatissticka&#8221; _builder_version=&#8221;4.4.4&#8243; background_size=&#8221;initial&#8221; background_position=&#8221;top_left&#8221; background_repeat=&#8221;repeat&#8221; animation=&#8221;off&#8221; hover_enabled=&#8221;0&#8243; use_border_color=&#8221;off&#8221; border_color=&#8221;#ffffff&#8221; border_style=&#8221;solid&#8221;]<\/p>\n<p>Ruostumaton<br \/>p: 23cm<\/p>\n<p><strong>Hinta: 11\u20ac<\/strong><\/p>\n<p>[\/et_pb_blurb][et_pb_blurb title=&#8221;Oliivilusikka&#8221; image=&#8221;https:\/\/kakelverkstaden.fi\/wp-content\/uploads\/2016\/11\/Olivsked.jpg&#8221; image_max_width=&#8221;none&#8221; admin_label=&#8221;Olivsked&#8221; _builder_version=&#8221;4.4.4&#8243; background_size=&#8221;initial&#8221; background_position=&#8221;top_left&#8221; background_repeat=&#8221;repeat&#8221; animation=&#8221;off&#8221; hover_enabled=&#8221;0&#8243; use_border_color=&#8221;off&#8221; border_color=&#8221;#ffffff&#8221; border_style=&#8221;solid&#8221;]<\/p>\n<p>Ruostumaton<br \/>p: 17cm<\/p>\n<p><strong>Hinta: 15\u20ac<\/strong><\/p>\n<p>[\/et_pb_blurb][et_pb_blurb title=&#8221;Lautasliinarengas Syd\u00e4n&#8221; image=&#8221;https:\/\/kakelverkstaden.fi\/wp-content\/uploads\/2016\/11\/Servettring-Hj\u00e4rta-fiilis-1.jpg&#8221; image_max_width=&#8221;none&#8221; admin_label=&#8221;Servettring Hj\u00e4rta&#8221; _builder_version=&#8221;4.4.4&#8243; background_size=&#8221;initial&#8221; background_position=&#8221;top_left&#8221; background_repeat=&#8221;repeat&#8221; animation=&#8221;off&#8221; use_border_color=&#8221;off&#8221; border_color=&#8221;#ffffff&#8221; border_style=&#8221;solid&#8221;]<\/p>\n<p>Sinkitty rautalanka<br \/>Renkaan\u00a0\u00f8: 4cm<\/p>\n<p><strong>Hinta: 5\u20ac<\/strong><\/p>\n<p>[\/et_pb_blurb][et_pb_blurb title=&#8221;Lautasliinarengas T\u00e4hti&#8221; image=&#8221;https:\/\/kakelverkstaden.fi\/wp-content\/uploads\/2016\/11\/Servettring-Stj\u00e4rna-fiilis.jpg&#8221; image_max_width=&#8221;none&#8221; admin_label=&#8221;Servettring Stj\u00e4rna&#8221; _builder_version=&#8221;4.4.4&#8243; background_size=&#8221;initial&#8221; background_position=&#8221;top_left&#8221; background_repeat=&#8221;repeat&#8221; animation=&#8221;off&#8221; use_border_color=&#8221;off&#8221; border_color=&#8221;#ffffff&#8221; border_style=&#8221;solid&#8221;]<\/p>\n<p>Sinkitty rautalanka<br \/>Renkaan\u00a0\u00f8: 4cm<\/p>\n<p><strong>Hinta: 5\u20ac<\/strong><\/p>\n<p>[\/et_pb_blurb][et_pb_blurb title=&#8221;Lankakoukkuja&#8221; image=&#8221;https:\/\/kakelverkstaden.fi\/wp-content\/uploads\/2016\/11\/Krokar.jpg&#8221; image_max_width=&#8221;none&#8221; admin_label=&#8221;Lankakoukkuja&#8221; _builder_version=&#8221;4.4.4&#8243; background_size=&#8221;initial&#8221; background_position=&#8221;top_left&#8221; background_repeat=&#8221;repeat&#8221; animation=&#8221;off&#8221; use_border_color=&#8221;off&#8221; border_color=&#8221;#ffffff&#8221; border_style=&#8221;solid&#8221;]<\/p>\n<p>Pieni p: 2,7cm<br \/><strong>Hinta: 2,50\u20ac<\/strong><\/p>\n<p>Keskikoko p: 4,5cm<br \/><strong>Hinta: 3,20\u20ac<\/strong><\/p>\n<p>Iso p: 6cm<br \/><strong>Hinta: 5\u20ac<\/strong><\/p>\n<p>[\/et_pb_blurb][\/et_pb_column][et_pb_column type=&#8221;1_4&#8243; _builder_version=&#8221;3.25&#8243; custom_padding=&#8221;|||&#8221; custom_padding__hover=&#8221;|||&#8221;][et_pb_blurb title=&#8221;Perhonen tikulla&#8221; image=&#8221;https:\/\/kakelverkstaden.fi\/wp-content\/uploads\/2016\/11\/Fj\u00e4rilar-p\u00e5-pinne.jpg&#8221; image_max_width=&#8221;none&#8221; admin_label=&#8221;Perhonen tikulla&#8221; _builder_version=&#8221;4.4.4&#8243; background_size=&#8221;initial&#8221; background_position=&#8221;top_left&#8221; background_repeat=&#8221;repeat&#8221; animation=&#8221;off&#8221; use_border_color=&#8221;off&#8221; border_color=&#8221;#ffffff&#8221; border_style=&#8221;solid&#8221;]<\/p>\n<p>Sinkitty + v\u00e4rj\u00e4tty rautalanka<br \/>p: 50cm<\/p>\n<p><strong>Hinta: 10\u20ac<\/strong><\/p>\n<p>[\/et_pb_blurb][et_pb_blurb title=&#8221;Perhosia langalla, roosa&#8221; image=&#8221;https:\/\/kakelverkstaden.fi\/wp-content\/uploads\/2016\/11\/Fj\u00e4rilar-p\u00e5-tr\u00e5d-rosa.jpg&#8221; image_max_width=&#8221;none&#8221; admin_label=&#8221;Perhosia langalla, roosa&#8221; _builder_version=&#8221;4.4.4&#8243; background_size=&#8221;initial&#8221; background_position=&#8221;top_left&#8221; background_repeat=&#8221;repeat&#8221; animation=&#8221;off&#8221; use_border_color=&#8221;off&#8221; border_color=&#8221;#ffffff&#8221; border_style=&#8221;solid&#8221;]<\/p>\n<p>Musta + v\u00e4rj\u00e4tty rautalanka<br \/>p: 1,5m<\/p>\n<p><strong>Hinta: 25\u20ac<\/strong><\/p>\n<p>[\/et_pb_blurb][et_pb_blurb title=&#8221;Menupidike Kana&#8221; image=&#8221;https:\/\/kakelverkstaden.fi\/wp-content\/uploads\/2016\/11\/H\u00f6na-1.jpg&#8221; image_max_width=&#8221;none&#8221; admin_label=&#8221;Menyh\u00e5llare H\u00f6na&#8221; _builder_version=&#8221;4.4.4&#8243; background_size=&#8221;initial&#8221; background_position=&#8221;top_left&#8221; background_repeat=&#8221;repeat&#8221; animation=&#8221;off&#8221; use_border_color=&#8221;off&#8221; border_color=&#8221;#ffffff&#8221; border_style=&#8221;solid&#8221;]<\/p>\n<p>Sinkitty rautalanka<br \/>p: noin 27cm<\/p>\n<p><strong>Hinta: 12\u20ac<\/strong><\/p>\n<p>[\/et_pb_blurb][et_pb_blurb title=&#8221;Perhosia langalla, vaaleanvihre\u00e4&#8221; image=&#8221;https:\/\/kakelverkstaden.fi\/wp-content\/uploads\/2016\/11\/Fj\u00e4rilar-p\u00e5-tr\u00e5d-ljusgr\u00f6n.jpg&#8221; image_max_width=&#8221;none&#8221; admin_label=&#8221;Perhosia langalla, vaaleanvihre\u00e4&#8221; _builder_version=&#8221;4.4.4&#8243; background_size=&#8221;initial&#8221; background_position=&#8221;top_left&#8221; background_repeat=&#8221;repeat&#8221; animation=&#8221;off&#8221; use_border_color=&#8221;off&#8221; border_color=&#8221;#ffffff&#8221; border_style=&#8221;solid&#8221;]<\/p>\n<p>Musta + v\u00e4rj\u00e4tty rautalanka<br \/>p: 1,5m<\/p>\n<p><strong>Hinta: 25\u20ac<\/strong><\/p>\n<p>[\/et_pb_blurb][et_pb_blurb title=&#8221;Lautasliinarengas J\u00e4\u00e4kukka&#8221; image=&#8221;https:\/\/kakelverkstaden.fi\/wp-content\/uploads\/2016\/11\/Servettring-Isblomma-fiilis.jpg&#8221; image_max_width=&#8221;none&#8221; admin_label=&#8221;Servettring Isblomma&#8221; _builder_version=&#8221;4.4.4&#8243; background_size=&#8221;initial&#8221; background_position=&#8221;top_left&#8221; background_repeat=&#8221;repeat&#8221; animation=&#8221;off&#8221; use_border_color=&#8221;off&#8221; border_color=&#8221;#ffffff&#8221; border_style=&#8221;solid&#8221;]<\/p>\n<p>Sinkitty rautalanka<br \/>Renkaan \u00f8: 4cm<\/p>\n<p><strong>Hinta: 7,50\u20ac<\/strong><\/p>\n<p>[\/et_pb_blurb][\/et_pb_column][\/et_pb_row][\/et_pb_section]<\/p>\n","protected":false},"excerpt":{"rendered":"<p>[et_pb_section fb_built=&#8221;1&#8243; custom_padding_last_edited=&#8221;on|desktop&#8221; disabled_on=&#8221;off|off|&#8221; admin_label=&#8221;section&#8221; _builder_version=&#8221;3.22&#8243; custom_padding_tablet=&#8221;50px|0|50px|0&#8243; custom_padding_phone=&#8221;&#8221; transparent_background=&#8221;off&#8221; padding_mobile=&#8221;off&#8221; make_fullwidth=&#8221;off&#8221; use_custom_width=&#8221;off&#8221; width_unit=&#8221;on&#8221;][et_pb_row admin_label=&#8221;Rad&#8221; _builder_version=&#8221;3.25&#8243; background_size=&#8221;initial&#8221; background_position=&#8221;top_left&#8221; background_repeat=&#8221;repeat&#8221;][et_pb_column type=&#8221;4_4&#8243; _builder_version=&#8221;3.25&#8243; custom_padding=&#8221;|||&#8221; custom_padding__hover=&#8221;|||&#8221;][et_pb_text admin_label=&#8221;Text&#8221; _builder_version=&#8221;3.27.4&#8243; background_size=&#8221;initial&#8221; background_position=&#8221;top_left&#8221; background_repeat=&#8221;repeat&#8221; use_border_color=&#8221;off&#8221; border_color=&#8221;#ffffff&#8221; border_style=&#8221;solid&#8221;] Rautalankaty\u00f6t [\/et_pb_text][\/et_pb_column][\/et_pb_row][et_pb_row column_structure=&#8221;1_4,1_4,1_4,1_4&#8243; padding_mobile=&#8221;off&#8221; column_padding_mobile=&#8221;on&#8221; admin_label=&#8221;row&#8221; _builder_version=&#8221;3.25&#8243; background_size=&#8221;initial&#8221; background_position=&#8221;top_left&#8221; background_repeat=&#8221;repeat&#8221; make_fullwidth=&#8221;off&#8221; use_custom_width=&#8221;off&#8221; width_unit=&#8221;on&#8221;][et_pb_column type=&#8221;1_4&#8243; _builder_version=&#8221;3.25&#8243; custom_padding=&#8221;|||&#8221; custom_padding__hover=&#8221;|||&#8221;][et_pb_sidebar area=&#8221;sidebar-1&#8243; show_border=&#8221;off&#8221; admin_label=&#8221;Sidof\u00e4lt&#8221; _builder_version=&#8221;3.0.74&#8243; remove_border=&#8221;on&#8221;][\/et_pb_sidebar][\/et_pb_column][et_pb_column type=&#8221;1_4&#8243; _builder_version=&#8221;3.25&#8243; custom_padding=&#8221;|||&#8221; [&hellip;]<\/p>\n","protected":false},"author":1,"featured_media":0,"parent":548,"menu_order":0,"comment_status":"closed","ping_status":"closed","template":"","meta":{"_et_pb_use_builder":"on","_et_pb_old_content":"","_et_gb_content_width":"","footnotes":""},"class_list":["post-550","page","type-page","status-publish","hentry"],"_links":{"self":[{"href":"https:\/\/kakelverkstaden.fi\/fi\/wp-json\/wp\/v2\/pages\/550","targetHints":{"allow":["GET"]}}],"collection":[{"href":"https:\/\/kakelverkstaden.fi\/fi\/wp-json\/wp\/v2\/pages"}],"about":[{"href":"https:\/\/kakelverkstaden.fi\/fi\/wp-json\/wp\/v2\/types\/page"}],"author":[{"embeddable":true,"href":"https:\/\/kakelverkstaden.fi\/fi\/wp-json\/wp\/v2\/users\/1"}],"replies":[{"embeddable":true,"href":"https:\/\/kakelverkstaden.fi\/fi\/wp-json\/wp\/v2\/comments?post=550"}],"version-history":[{"count":44,"href":"https:\/\/kakelverkstaden.fi\/fi\/wp-json\/wp\/v2\/pages\/550\/revisions"}],"predecessor-version":[{"id":1787,"href":"https:\/\/kakelverkstaden.fi\/fi\/wp-json\/wp\/v2\/pages\/550\/revisions\/1787"}],"up":[{"embeddable":true,"href":"https:\/\/kakelverkstaden.fi\/fi\/wp-json\/wp\/v2\/pages\/548"}],"wp:attachment":[{"href":"https:\/\/kakelverkstaden.fi\/fi\/wp-json\/wp\/v2\/media?parent=550"}],"curies":[{"name":"wp","href":"https:\/\/api.w.org\/{rel}","templated":true}]}}