{"id":527,"date":"2016-11-04T12:07:25","date_gmt":"2016-11-04T10:07:25","guid":{"rendered":"http:\/\/digismed.com\/kaakeli\/fi\/hantverkaren\/"},"modified":"2016-11-15T12:01:29","modified_gmt":"2016-11-15T10:01:29","slug":"hantverkaren","status":"publish","type":"page","link":"https:\/\/kakelverkstaden.fi\/fi\/hantverkaren\/","title":{"rendered":"K\u00e4sity\u00f6l\u00e4inen"},"content":{"rendered":"<p>[et_pb_section admin_label=&#8221;section&#8221;][et_pb_row admin_label=&#8221;row&#8221;][et_pb_column type=&#8221;1_3&#8243;][et_pb_image admin_label=&#8221;Bild&#8221; src=&#8221;http:\/\/kakelverkstaden.fi\/wp-content\/uploads\/2016\/11\/Catharina-Borg-Wil\u00e9n-2.jpg&#8221; show_in_lightbox=&#8221;off&#8221; url_new_window=&#8221;off&#8221; use_overlay=&#8221;off&#8221; animation=&#8221;left&#8221; sticky=&#8221;off&#8221; align=&#8221;center&#8221; force_fullwidth=&#8221;off&#8221; always_center_on_mobile=&#8221;on&#8221; use_border_color=&#8221;off&#8221; border_color=&#8221;#ffffff&#8221; border_style=&#8221;solid&#8221; alt=&#8221;Kaakeliverstas&#8221;] [\/et_pb_image][et_pb_image admin_label=&#8221;Bild&#8221; src=&#8221;http:\/\/kakelverkstaden.fi\/wp-content\/uploads\/2016\/11\/Catharina-Borg-Wil\u00e9n.jpg&#8221; show_in_lightbox=&#8221;off&#8221; url_new_window=&#8221;off&#8221; use_overlay=&#8221;off&#8221; animation=&#8221;left&#8221; sticky=&#8221;off&#8221; align=&#8221;center&#8221; force_fullwidth=&#8221;off&#8221; always_center_on_mobile=&#8221;on&#8221; use_border_color=&#8221;off&#8221; border_color=&#8221;#ffffff&#8221; border_style=&#8221;solid&#8221;] [\/et_pb_image][\/et_pb_column][et_pb_column type=&#8221;2_3&#8243;][et_pb_text admin_label=&#8221;Text&#8221; background_layout=&#8221;light&#8221; text_orientation=&#8221;left&#8221; use_border_color=&#8221;off&#8221; border_color=&#8221;#ffffff&#8221; border_style=&#8221;solid&#8221;]<\/p>\n<h1>Kaakeleiden tekij\u00e4st\u00e4<\/h1>\n<p>[\/et_pb_text][et_pb_text admin_label=&#8221;Text&#8221; background_layout=&#8221;light&#8221; text_orientation=&#8221;left&#8221; use_border_color=&#8221;off&#8221; border_color=&#8221;#ffffff&#8221; border_style=&#8221;solid&#8221;]<\/p>\n<p><span lang=\"SV-FI\">Catharina Borg-Wil\u00e9n on syntynyt vuonna 1970 ja sittemmin kouluttautunut hortonomiksi ja metalliartesaaniksi. H\u00e4n on halunnut olla puutarhuri jo pienest\u00e4 pit\u00e4en ja jo silloin ollut eritt\u00e4in kiinnostunut erilaisista k\u00e4sit\u00f6ist\u00e4. Aikuisena, toimiessaan yritt\u00e4j\u00e4n\u00e4, on Catharinaa kiehtonut erityisesti rautalanka. Monista kilometreist\u00e4 rautalankaa, toisinaan yhdistettyn\u00e4 muihin materiaaleihin, on h\u00e4nen k\u00e4siss\u00e4\u00e4n syntynyt monenmoisia k\u00e4ytt\u00f6esineit\u00e4 kotiin ja puutarhaan. Kiinnostus keramiikkaan syttyi varhaisessa teini-i\u00e4ss\u00e4. Saven tuntemus on hankittu erilaisilta kursseilta vuosien varrella.<\/span><\/p>\n<p><span lang=\"SV-FI\">Vuosina 2005 &#8211; 2010 Catharina oli puutarhurin ominaisuudessa mukana suomenruotsalaisessa TV-ohjelmassa Str\u00f6ms\u00f6ss\u00e4. Lis\u00e4ksi useiden vuosien ajan h\u00e4n kirjoitti Tee se itse-palstaa suomenkielisess\u00e4 puutarhalehdess\u00e4 Kotipuutarhassa. Vuonna 2010 Catharina sai Uudenmaan Taito-k\u00e4sity\u00f6yritt\u00e4j\u00e4n tunnustuksen \u201desimerkillisest\u00e4 k\u00e4sity\u00f6yritt\u00e4jyydest\u00e4\u201d. 2013 -2016 Catharina ty\u00f6skenteli vastuuteht\u00e4viss\u00e4 Rakennusapteekki Oy:ss\u00e4, joka myy tuotteita rakennettuun kulttuuriymp\u00e4rist\u00f6\u00f6n liittyen. T\u00e4n\u00e4 aikana syntyi idea kaakeleiden valmistuksesta. Lokakuussa 2016 Kaakeliverstas Wire &amp; Mire aloitti toimintansa.<\/span><\/p>\n<p>[\/et_pb_text][\/et_pb_column][\/et_pb_row][\/et_pb_section]<\/p>\n","protected":false},"excerpt":{"rendered":"<p>[et_pb_section admin_label=&#8221;section&#8221;][et_pb_row admin_label=&#8221;row&#8221;][et_pb_column type=&#8221;1_3&#8243;][et_pb_image admin_label=&#8221;Bild&#8221; src=&#8221;http:\/\/kakelverkstaden.fi\/wp-content\/uploads\/2016\/11\/Catharina-Borg-Wil\u00e9n-2.jpg&#8221; show_in_lightbox=&#8221;off&#8221; url_new_window=&#8221;off&#8221; use_overlay=&#8221;off&#8221; animation=&#8221;left&#8221; sticky=&#8221;off&#8221; align=&#8221;center&#8221; force_fullwidth=&#8221;off&#8221; always_center_on_mobile=&#8221;on&#8221; use_border_color=&#8221;off&#8221; border_color=&#8221;#ffffff&#8221; border_style=&#8221;solid&#8221; alt=&#8221;Kaakeliverstas&#8221;] [\/et_pb_image][et_pb_image admin_label=&#8221;Bild&#8221; src=&#8221;http:\/\/kakelverkstaden.fi\/wp-content\/uploads\/2016\/11\/Catharina-Borg-Wil\u00e9n.jpg&#8221; show_in_lightbox=&#8221;off&#8221; url_new_window=&#8221;off&#8221; use_overlay=&#8221;off&#8221; animation=&#8221;left&#8221; sticky=&#8221;off&#8221; align=&#8221;center&#8221; force_fullwidth=&#8221;off&#8221; always_center_on_mobile=&#8221;on&#8221; use_border_color=&#8221;off&#8221; border_color=&#8221;#ffffff&#8221; border_style=&#8221;solid&#8221;] [\/et_pb_image][\/et_pb_column][et_pb_column type=&#8221;2_3&#8243;][et_pb_text admin_label=&#8221;Text&#8221; background_layout=&#8221;light&#8221; text_orientation=&#8221;left&#8221; use_border_color=&#8221;off&#8221; border_color=&#8221;#ffffff&#8221; border_style=&#8221;solid&#8221;] Kaakeleiden tekij\u00e4st\u00e4 [\/et_pb_text][et_pb_text admin_label=&#8221;Text&#8221; background_layout=&#8221;light&#8221; text_orientation=&#8221;left&#8221; use_border_color=&#8221;off&#8221; border_color=&#8221;#ffffff&#8221; border_style=&#8221;solid&#8221;] Catharina Borg-Wil\u00e9n on syntynyt vuonna 1970 [&hellip;]<\/p>\n","protected":false},"author":1,"featured_media":0,"parent":0,"menu_order":0,"comment_status":"closed","ping_status":"closed","template":"","meta":{"_et_pb_use_builder":"on","_et_pb_old_content":"","_et_gb_content_width":"","footnotes":""},"class_list":["post-527","page","type-page","status-publish","hentry"],"_links":{"self":[{"href":"https:\/\/kakelverkstaden.fi\/fi\/wp-json\/wp\/v2\/pages\/527","targetHints":{"allow":["GET"]}}],"collection":[{"href":"https:\/\/kakelverkstaden.fi\/fi\/wp-json\/wp\/v2\/pages"}],"about":[{"href":"https:\/\/kakelverkstaden.fi\/fi\/wp-json\/wp\/v2\/types\/page"}],"author":[{"embeddable":true,"href":"https:\/\/kakelverkstaden.fi\/fi\/wp-json\/wp\/v2\/users\/1"}],"replies":[{"embeddable":true,"href":"https:\/\/kakelverkstaden.fi\/fi\/wp-json\/wp\/v2\/comments?post=527"}],"version-history":[{"count":4,"href":"https:\/\/kakelverkstaden.fi\/fi\/wp-json\/wp\/v2\/pages\/527\/revisions"}],"predecessor-version":[{"id":810,"href":"https:\/\/kakelverkstaden.fi\/fi\/wp-json\/wp\/v2\/pages\/527\/revisions\/810"}],"wp:attachment":[{"href":"https:\/\/kakelverkstaden.fi\/fi\/wp-json\/wp\/v2\/media?parent=527"}],"curies":[{"name":"wp","href":"https:\/\/api.w.org\/{rel}","templated":true}]}}